{"id":93,"date":"2017-11-09T23:32:25","date_gmt":"2017-11-09T22:32:25","guid":{"rendered":"http:\/\/paris-coiffure-very.fr\/?page_id=93"},"modified":"2025-02-18T21:07:03","modified_gmt":"2025-02-18T20:07:03","slug":"protection-de-la-vie-privee-conditions-dutilisation","status":"publish","type":"page","link":"https:\/\/paris-coiffure-very.fr\/?page_id=93","title":{"rendered":"CGV &#8211; Conditions G\u00e9n\u00e9rales de Vente"},"content":{"rendered":"\n<p><strong>CONDITIONS GENERALES DE VENTE<\/strong><\/p>\n\n\n\n<p>En vigueur au 01\/01\/2016<\/p>\n\n\n\n<p><strong>ARTICLE 1 &#8211; Champ d&rsquo;application<\/strong><\/p>\n\n\n\n<p>Les pr\u00e9sentes Conditions G\u00e9n\u00e9rales de Vente (dites \u00ab CGV \u00bb) s&rsquo;appliquent, sans restriction ni r\u00e9serve \u00e0 l&rsquo;ensemble des ventes conclues par le Vendeur aupr\u00e8s d&rsquo;acheteurs non professionnels (\u00ab Les Clients ou le Client \u00bb), d\u00e9sirant acqu\u00e9rir les produit (\u00ab Les Produits \u00bb) ou les services (\u00ab Les Services \u00bb) propos\u00e9s \u00e0 la vente (\u00ab Les Services \u00bb) par le Vendeur au salon de coiffure (\u00ab La Boutique \u00bb). Les Services propos\u00e9s \u00e0 la vente sont les suivants :<\/p>\n\n\n\n<p>Services de coiffure<\/p>\n\n\n\n<ul class=\"wp-block-list\">\n<li>Brushing<\/li>\n\n\n\n<li>Balayage<\/li>\n\n\n\n<li>Mise en plis<\/li>\n\n\n\n<li>Chignons<\/li>\n\n\n\n<li>Tresses<\/li>\n\n\n\n<li>Mini vague<\/li>\n<\/ul>\n\n\n\n<p>Coiffure stylisme<\/p>\n\n\n\n<ul class=\"wp-block-list\">\n<li>Sur cheveux fins<\/li>\n\n\n\n<li>Sur cheveux color\u00e9s<\/li>\n\n\n\n<li>Sur cheveux \u00e9pais<\/li>\n\n\n\n<li>Sur cheveux permanent\u00e9s<\/li>\n\n\n\n<li>A la cire<\/li>\n\n\n\n<li>Au gel<\/li>\n<\/ul>\n\n\n\n<p>Structure coupe<\/p>\n\n\n\n<ul class=\"wp-block-list\">\n<li>Aux ciseaux<\/li>\n\n\n\n<li>Longue tenue<\/li>\n\n\n\n<li>Carr\u00e9<\/li>\n\n\n\n<li>Avec franges<\/li>\n\n\n\n<li>Avec d\u00e9grad\u00e9s<\/li>\n\n\n\n<li>Travail sur les longueurs<\/li>\n<\/ul>\n\n\n\n<p>Coloration<\/p>\n\n\n\n<ul class=\"wp-block-list\">\n<li>Sans ammoniaque<\/li>\n\n\n\n<li>D\u00e9coloration<\/li>\n<\/ul>\n\n\n\n<p>Conseil<\/p>\n\n\n\n<ul class=\"wp-block-list\">\n<li>Diagnostic couleur<\/li>\n\n\n\n<li>Diagnostic cheveux<\/li>\n<\/ul>\n\n\n\n<p>Autres prestations<\/p>\n\n\n\n<ul class=\"wp-block-list\">\n<li>Vente de produits de soins des cheveux<\/li>\n<\/ul>\n\n\n\n<p>Les caract\u00e9ristiques principales des Produits et Services et notamment les sp\u00e9cifications, illustrations et indications de dimensions ou de capacit\u00e9 des Produits et Services, sont pr\u00e9sent\u00e9es \u00e0 la Boutique ce dont le client est tenu de prendre connaissance avant de commander.<\/p>\n\n\n\n<p>Le choix et l&rsquo;achat d&rsquo;un Produit ou d\u2019un Service sont de la seule responsabilit\u00e9 du Client.<\/p>\n\n\n\n<p>Les offres de Produits s&rsquo;entendent dans la limite des stocks disponibles, tels que pr\u00e9cis\u00e9s lors de la passation de la commande.<\/p>\n\n\n\n<p>Ces CGV sont accessibles \u00e0 tout moment sur le site paris-coiffure-very.fr et pr\u00e9vaudront sur toute autre document.<\/p>\n\n\n\n<p>Le Client d\u00e9clare avoir pris connaissance des pr\u00e9sentes CGV et les avoir accept\u00e9es avant la mise en \u0153uvre du Service ou de la proc\u00e9dure de commande pour les Produits\ufeff.<\/p>\n\n\n\n<p>Sauf preuve contraire, les donn\u00e9es enregistr\u00e9es dans le syst\u00e8me informatique du Vendeur constituent la preuve de l&rsquo;ensemble des transactions conclues avec le Client.<\/p>\n\n\n\n<p>Les coordonn\u00e9es du Vendeur sont les suivantes :<\/p>\n\n\n\n<p>Atelier de Coiffure Sophie Very 110 boulevard de Courcelles, 75017 Paris<\/p>\n\n\n\n<p>Capital social de 5000 euros<\/p>\n\n\n\n<p>Immatricul\u00e9 au RCS de Paris, sous le num\u00e9ro B 790 358 121<\/p>\n\n\n\n<p>Email : contact [@] paris-coiffure-very.fr.<\/p>\n\n\n\n<p>T\u00e9l\u00e9phone : 01 47 63 05 95<\/p>\n\n\n\n<p><strong>ARTICLE 2 &#8211; Prix<\/strong><\/p>\n\n\n\n<p>Les Produits sont fournis aux tarifs en vigueur figurant \u00e0 la Boutique, lors de l&rsquo;enregistrement de la commande par le Vendeur.<\/p>\n\n\n\n<p>Les prix sont exprim\u00e9s en Euros, TTC.<\/p>\n\n\n\n<p>Les tarifs tiennent compte d&rsquo;\u00e9ventuelles r\u00e9ductions qui seraient consenties par le Vendeur.<\/p>\n\n\n\n<p>Ces tarifs sont fermes et non r\u00e9visables pendant leur p\u00e9riode de validit\u00e9 mais le Vendeur se r\u00e9serve le droit, hors p\u00e9riode de validit\u00e9, d\u2019en modifier les prix \u00e0 tout moment.<\/p>\n\n\n\n<p>Les prix ne comprennent pas les frais de traitement, d&rsquo;exp\u00e9dition, de transport et de livraison, qui sont factur\u00e9s en suppl\u00e9ment.<\/p>\n\n\n\n<p>Le paiement demand\u00e9 au Client correspond au montant total de l&rsquo;achat, y compris ces frais.<\/p>\n\n\n\n<p>Une facture est \u00e9tablie par le Vendeur et remise au Client lors de la mise \u00e0 disposition des Produits.<\/p>\n\n\n\n<p><strong>ARTICLE 3 \u2013 Commandes<\/strong><\/p>\n\n\n\n<p>Il appartient au Client de s\u00e9lectionner \u00e0 la Boutique les Produits et Servives qu&rsquo;il d\u00e9sire acheter, selon les modalit\u00e9s suivantes :<\/p>\n\n\n\n<p>_______________.<\/p>\n\n\n\n<p>Les offres de Produits et Services sont valables tant qu&rsquo;elles sont visibles \u00e0 la Boutique, dans la limite des stocks disponibles.<\/p>\n\n\n\n<p>La vente ne sera consid\u00e9r\u00e9e comme valide qu\u2019apr\u00e8s paiement int\u00e9gral du prix. Il appartient au Client de v\u00e9rifier l&rsquo;exactitude de la commande et de signaler imm\u00e9diatement toute erreur.<\/p>\n\n\n\n<p>Le Vendeur se r\u00e9serve le droit d&rsquo;annuler ou de refuser toute commande d&rsquo;un Client avec lequel il existerait un litige relatif au paiement d&rsquo;une commande ant\u00e9rieure.<\/p>\n\n\n\n<p>Toute annulation de la commande par le Client ne sera possible qu&rsquo;avant la mise \u00e0 disposition des Produits ou Services (ind\u00e9pendamment des dispositions relatives \u00e0 l&rsquo;application ou non du droit de r\u00e9tractation l\u00e9gal).<\/p>\n\n\n\n<p><strong>ARTICLE 4 &#8211; Conditions de paiement<\/strong><\/p>\n\n\n\n<p>Le prix est pay\u00e9, selon les modalit\u00e9s suivantes :<\/p>\n\n\n\n<ul class=\"wp-block-list\">\n<li>Paiement par carte bancaire (Paiement s\u00e9curis\u00e9)<\/li>\n\n\n\n<li>Paiement en esp\u00e8ces<\/li>\n<\/ul>\n\n\n\n<p>Le prix est payable comptant par le Client, en totalit\u00e9 au jour de la passation de la commande.<\/p>\n\n\n\n<p>Pour les paiements par carte bancaire en Boutique, les donn\u00e9es de paiement sont \u00e9chang\u00e9es en mode crypt\u00e9 gr\u00e2ce au protocole d\u00e9fini par le prestataire de paiement agr\u00e9\u00e9 intervenant pour les transactions bancaires.<\/p>\n\n\n\n<p>Les paiements effectu\u00e9s par le Client ne seront consid\u00e9r\u00e9s comme d\u00e9finitifs qu&rsquo;apr\u00e8s encaissement effectif par le Vendeur des sommes dues.<\/p>\n\n\n\n<p>Le Vendeur ne sera pas tenu de proc\u00e9der \u00e0 la d\u00e9livrance des Produits et des Services command\u00e9s par le Client si celui-ci ne lui en paye pas le prix en totalit\u00e9 dans les conditions ci-dessus indiqu\u00e9es.<\/p>\n\n\n\n<p><strong>ARTICLE 6 &#8211; Transfert de propri\u00e9t\u00e9<\/strong><\/p>\n\n\n\n<p>Le transfert de propri\u00e9t\u00e9 des Produits du Vendeur au Client ne sera r\u00e9alis\u00e9 qu&rsquo;apr\u00e8s complet paiement du prix par ce dernier, et ce quelle que soit la date de livraison desdits Produits.<\/p>\n\n\n\n<p><strong>ARTICLE 7 &#8211; Droit de r\u00e9tractation<\/strong><\/p>\n\n\n\n<p>Selon les modalit\u00e9s de l\u2019article L221-18 du Code de la Consommation \u00ab<br>Pour les contrats pr\u00e9voyant la livraison r\u00e9guli\u00e8re de biens pendant une p\u00e9riode d\u00e9finie, le d\u00e9lai court \u00e0 compter de la r\u00e9ception du premier bien. \u00bb<\/p>\n\n\n\n<p>Le droit de r\u00e9tractation peut \u00eatre exerc\u00e9 par courrier postal adress\u00e9 au Vendeur aux coordonn\u00e9es postales ou mail indiqu\u00e9es \u00e0 l\u2019ARTICLE 1 des CGV.<\/p>\n\n\n\n<p>Les retours sont \u00e0 effectuer dans leur \u00e9tat d&rsquo;origine et complets (emballage, accessoires, notice&#8230;) permettant leur recommercialisassions \u00e0 l&rsquo;\u00e9tat neuf, accompagn\u00e9s de la facture d&rsquo;achat.<\/p>\n\n\n\n<p>Les Produits endommag\u00e9s, salis ou incomplets ne sont pas repris.<\/p>\n\n\n\n<p>Les frais de retour restant \u00e0 la charge du Client.<\/p>\n\n\n\n<p>L&rsquo;\u00e9change (sous r\u00e9serve de disponibilit\u00e9) ou le remboursement sera effectu\u00e9 dans un d\u00e9lai de 14 jours \u00e0 compter de la r\u00e9ception, par le Vendeur, des Produits retourn\u00e9s par le Client dans les conditions pr\u00e9vues au pr\u00e9sent article.<\/p>\n\n\n\n<p><strong>ARTICLE 8 &#8211; Responsabilit\u00e9 du Vendeur &#8211; Garanties<\/strong><\/p>\n\n\n\n<p>Les Produits fournis par le Vendeur b\u00e9n\u00e9ficient :<\/p>\n\n\n\n<ul class=\"wp-block-list\">\n<li>de la garantie l\u00e9gale de conformit\u00e9, pour les Produits d\u00e9fectueux, ab\u00eem\u00e9s ou endommag\u00e9s,<\/li>\n\n\n\n<li>de la garantie l\u00e9gale contre les vices cach\u00e9s provenant d&rsquo;un d\u00e9faut de mati\u00e8re, de conception ou de fabrication affectant les produits livr\u00e9s et les rendant impropres \u00e0 l&rsquo;utilisation,<\/li>\n<\/ul>\n\n\n\n<p>Dispositions relatives aux garanties l\u00e9gales<\/p>\n\n\n\n<p>Article L217-4 du Code de la consommation<\/p>\n\n\n\n<p>\u00ab Le vendeur est tenu de livrer un bien conforme au contrat et r\u00e9pond des d\u00e9fauts de conformit\u00e9 existant lors de la d\u00e9livrance. Il r\u00e9pond \u00e9galement des d\u00e9fauts de conformit\u00e9 r\u00e9sultant de l&#8217;emballage, des instructions de montage ou de l&rsquo;installation lorsque celle-ci a \u00e9t\u00e9 mise \u00e0 sa charge par le contrat ou a \u00e9t\u00e9 r\u00e9alis\u00e9e sous sa responsabilit\u00e9. \u00bb<\/p>\n\n\n\n<p>Article L217-5 du Code de la consommation<\/p>\n\n\n\n<p>\u00ab Le bien est conforme au contrat :<\/p>\n\n\n\n<p>1\u00b0 S&rsquo;il est propre \u00e0 l&rsquo;usage habituellement attendu d&rsquo;un bien semblable et, le cas \u00e9ch\u00e9ant :<\/p>\n\n\n\n<p>&#8211; s&rsquo;il correspond \u00e0 la description donn\u00e9e par le vendeur et poss\u00e8de les qualit\u00e9s que celui-ci a pr\u00e9sent\u00e9es \u00e0 l&rsquo;acheteur sous forme d&rsquo;\u00e9chantillon ou de mod\u00e8le ;<\/p>\n\n\n\n<p>&#8211; s&rsquo;il pr\u00e9sente les qualit\u00e9s qu&rsquo;un acheteur peut l\u00e9gitimement attendre eu \u00e9gard aux d\u00e9clarations publiques faites par le vendeur, par le producteur ou par son repr\u00e9sentant, notamment dans la publicit\u00e9 ou l&rsquo;\u00e9tiquetage ;<\/p>\n\n\n\n<p>2\u00b0 Ou s&rsquo;il pr\u00e9sente les caract\u00e9ristiques d\u00e9finies d&rsquo;un commun accord par les parties ou est propre \u00e0 tout usage sp\u00e9cial recherch\u00e9 par l&rsquo;acheteur, port\u00e9 \u00e0 la connaissance du vendeur et que ce dernier a accept\u00e9. \u00bb<\/p>\n\n\n\n<p>Article L217-12 du Code de la consommation<\/p>\n\n\n\n<p>\u00ab L&rsquo;action r\u00e9sultant du d\u00e9faut de conformit\u00e9 se prescrit par deux ans \u00e0 compter de la d\u00e9livrance du bien. \u00bb<\/p>\n\n\n\n<p>Article 1641 du Code civil.<\/p>\n\n\n\n<p>\u00ab Le vendeur est tenu de la garantie \u00e0 raison des d\u00e9fauts cach\u00e9s de la chose vendue qui la rendent impropre \u00e0 l&rsquo;usage auquel on la destine, ou qui diminuent tellement cet usage, que l&rsquo;acheteur ne l&rsquo;aurait pas acquise, ou n&rsquo;en aurait donn\u00e9 qu&rsquo;un moindre prix, s&rsquo;il les avait connus. \u00bb<\/p>\n\n\n\n<p>Article 1648 alin\u00e9a 1er du Code civil<\/p>\n\n\n\n<p>\u00ab L&rsquo;action r\u00e9sultant des vices r\u00e9dhibitoires doit \u00eatre intent\u00e9e par l&rsquo;acqu\u00e9reur dans un d\u00e9lai de deux ans \u00e0 compter de la d\u00e9couverte du vice. \u00bb<\/p>\n\n\n\n<p>Article L217-16 du Code de la consommation.<\/p>\n\n\n\n<p>\u00ab Lorsque l&rsquo;acheteur demande au vendeur, pendant le cours de la garantie commerciale qui lui a \u00e9t\u00e9 consentie lors de l&rsquo;acquisition ou de la r\u00e9paration d&rsquo;un bien meuble, une remise en \u00e9tat couverte par la garantie, toute p\u00e9riode d&rsquo;immobilisation d&rsquo;au moins sept jours vient s&rsquo;ajouter \u00e0 la dur\u00e9e de la garantie qui restait \u00e0 courir. Cette p\u00e9riode court \u00e0 compter de la demande d&rsquo;intervention de l&rsquo;acheteur ou de la mise \u00e0 disposition pour r\u00e9paration du bien en cause, si cette mise \u00e0 disposition est post\u00e9rieure \u00e0 la demande d&rsquo;intervention. \u00bb<\/p>\n\n\n\n<p>Afin de faire valoir ses droits, le Client devra informer le Vendeur, par \u00e9crit (mail ou courrier), de la non-conformit\u00e9 des Produits ou de l&rsquo;existence des vices cach\u00e9s \u00e0 compter de leur d\u00e9couverte.<\/p>\n\n\n\n<p>Le Vendeur remboursera, remplacera ou fera r\u00e9parer les Produits ou pi\u00e8ces sous garantie jug\u00e9s non conformes ou d\u00e9fectueux.<\/p>\n\n\n\n<p>Les frais d&rsquo;envoi seront rembours\u00e9s sur la base du tarif factur\u00e9 et les frais de retour seront rembours\u00e9s sur pr\u00e9sentation des justificatifs.<\/p>\n\n\n\n<p>Les remboursements, remplacements ou r\u00e9parations des Produits jug\u00e9s non conformes ou d\u00e9fectueux seront effectu\u00e9s dans les meilleurs d\u00e9lais et au plus tard dans les 15 jours jours suivant la constatation par le Vendeur du d\u00e9faut de conformit\u00e9 ou du vice cach\u00e9. Ce remboursement pourra \u00eatre fait par virement ou ch\u00e8que bancaire.<\/p>\n\n\n\n<p>La responsabilit\u00e9 du Vendeur ne saurait \u00eatre engag\u00e9e dans les cas suivants :<\/p>\n\n\n\n<ul class=\"wp-block-list\">\n<li>non respect de la l\u00e9gislation du pays dans lequel les produits sont livr\u00e9s, qu&rsquo;il appartient au Client de v\u00e9rifier,<\/li>\n\n\n\n<li>en cas de mauvaise utilisation, d&rsquo;utilisation \u00e0 des fins professionnelles, n\u00e9gligence ou d\u00e9faut d&rsquo;entretien de la part du Client, comme en cas d&rsquo;usure normale du Produit, d&rsquo;accident ou de force majeure.<\/li>\n\n\n\n<li>Les photographies et graphismes pr\u00e9sent\u00e9s sur le site ne sont pas contractuels et ne sauraient engager la responsabilit\u00e9 du Vendeur.<\/li>\n<\/ul>\n\n\n\n<p>La garantie du Vendeur est, en tout \u00e9tat de cause, limit\u00e9e au remplacement ou au remboursement des Produits non conformes ou affect\u00e9s d&rsquo;un vice.<\/p>\n\n\n\n<p><strong>ARTICLE 9 &#8211; Donn\u00e9es personnelles<\/strong><\/p>\n\n\n\n<p>Les donn\u00e9es \u00e0 caract\u00e8re personnel sont r\u00e9colt\u00e9es uniquement pour l\u2019ex\u00e9cution du contrat de vente.<\/p>\n\n\n\n<p><strong>9.1 Collecte des donn\u00e9es \u00e0 caract\u00e8re personnel<\/strong><\/p>\n\n\n\n<p>Les donn\u00e9es \u00e0 caract\u00e8re personnel qui peuvent \u00eatre collect\u00e9es \u00e0 la Boutique sont les suivantes :<\/p>\n\n\n\n<p>Noms, pr\u00e9noms, adresse postale, num\u00e9ro de t\u00e9l\u00e9phone et adresse e-mail.<\/p>\n\n\n\n<p><strong>9.2 Destinataires des donn\u00e9es \u00e0 caract\u00e8re personnel<\/strong><\/p>\n\n\n\n<p>Les donn\u00e9es \u00e0 caract\u00e8re personnel sont utilis\u00e9es par le Vendeur pour l\u2019ex\u00e9cution du contrat et pour assurer l\u2019efficacit\u00e9 de la prestation de vente et de d\u00e9livrance des Produits ou des Services.<\/p>\n\n\n\n<p><strong>9.3 Responsable de traitement<\/strong><\/p>\n\n\n\n<p>Le responsable de traitement des donn\u00e9es est le Vendeur, au sens de la loi Informatique et libert\u00e9s et \u00e0 compter du 25 mai 2018 du R\u00e8glement 2016\/679 sur la protection des donn\u00e9es \u00e0 caract\u00e8re personnel.<\/p>\n\n\n\n<p><strong>9.4 limitations du traitement<\/strong><\/p>\n\n\n\n<p>Sauf si le Client exprime son accord expr\u00e8s, ses donn\u00e9es \u00e0 caract\u00e8re personnelles ne sont pas utilis\u00e9es \u00e0 des fins publicitaires ou marketing.<\/p>\n\n\n\n<p><strong>9.5 Dur\u00e9e de conservation des donn\u00e9es<\/strong><\/p>\n\n\n\n<p>Le Vendeur conservera les donn\u00e9es ainsi recueillies pendant un d\u00e9lai de 5 ans, couvrant le temps de la prescription de la responsabilit\u00e9 civile contractuelle applicable.<\/p>\n\n\n\n<p><strong>9.6 S\u00e9curit\u00e9 et confidentialit\u00e9<\/strong><\/p>\n\n\n\n<p>Le Vendeur met en \u0153uvre des mesures organisationnelles, techniques, logicielles et physiques en mati\u00e8re de s\u00e9curit\u00e9 du num\u00e9rique pour prot\u00e9ger les donn\u00e9es personnelles contre les alt\u00e9rations, destructions et acc\u00e8s non autoris\u00e9s. Toutefois il est \u00e0 signaler qu\u2019Internet n\u2019est pas un environnement compl\u00e8tement s\u00e9curis\u00e9 et le Vendeur ne peut garantir la s\u00e9curit\u00e9 de la transmission ou du stockage des informations sur Internet.<\/p>\n\n\n\n<p><strong>9.7 Mise en \u0153uvre des droits des Clients et utilisateurs<\/strong><\/p>\n\n\n\n<p>En application de la r\u00e8glementation applicable aux donn\u00e9es \u00e0 caract\u00e8re personnel, les Clients disposent des droits suivants :<\/p>\n\n\n\n<ul class=\"wp-block-list\">\n<li>Ils peuvent mettre \u00e0 jour ou supprimer les donn\u00e9es qui les concernent de la mani\u00e8re suivante:<\/li>\n\n\n\n<li>Ils peuvent supprimer leur compte en \u00e9crivant \u00e0 l\u2019adresse \u00e9lectronique indiqu\u00e9 \u00e0 l\u2019article 9.3 \u00ab Responsable de traitement \u00bb<\/li>\n\n\n\n<li>Ils peuvent exercer leur droit d\u2019acc\u00e8s pour conna\u00eetre les donn\u00e9es personnelles les concernant en \u00e9crivant \u00e0 l\u2019adresse indiqu\u00e9 \u00e0 l\u2019article 9.3 \u00ab Responsable de traitement \u00bb<\/li>\n\n\n\n<li>Si les donn\u00e9es \u00e0 caract\u00e8re personnel d\u00e9tenues par le Vendeur sont inexactes, ils peuvent demander la mise \u00e0 jour des informations des informations en \u00e9crivant \u00e0 l\u2019adresse indiqu\u00e9 \u00e0 l\u2019article 9.3 \u00ab Responsable de traitement \u00bb<\/li>\n\n\n\n<li>Ils peuvent demander la suppression de leurs donn\u00e9es \u00e0 caract\u00e8re personnel, conform\u00e9ment aux lois applicables en mati\u00e8re de protection des donn\u00e9es en \u00e9crivant \u00e0 l\u2019adresse indiqu\u00e9 \u00e0 l\u2019article 9.3 \u00ab Responsable de traitement \u00bb<\/li>\n<\/ul>\n\n\n\n<ul class=\"wp-block-list\">\n<li>Ils peuvent \u00e9galement solliciter la portabilit\u00e9 des donn\u00e9es d\u00e9tenues par le Vendeur vers un autre prestataire<\/li>\n\n\n\n<li>Ils conservent leurs droits \u00e0 s&rsquo;inscrire sur la liste d&rsquo;opposition au d\u00e9marchage t\u00e9l\u00e9phonique connue sous le nom de Bloctel.<\/li>\n\n\n\n<li>Enfin, ils peuvent s\u2019opposer au traitement de leurs donn\u00e9es par le Vendeur<\/li>\n<\/ul>\n\n\n\n<p>Ces droits, d\u00e8s lors qu\u2019ils ne s\u2019opposent pas \u00e0 la finalit\u00e9 du traitement, peuvent \u00eatre exerc\u00e9 en adressant une demande par courrier ou par E-mail au Responsable de traitement dont les coordonn\u00e9es sont indiqu\u00e9es ci-dessus.<\/p>\n\n\n\n<p>Le responsable de traitement doit apporter une r\u00e9ponse dans un d\u00e9lai maximum d\u2019un mois.<\/p>\n\n\n\n<p>En cas de refus de faire droit \u00e0 la demande du Client, celui-ci doit \u00eatre motiv\u00e9.<\/p>\n\n\n\n<p>Le Client est inform\u00e9 qu\u2019en cas de refus, il peut introduire une r\u00e9clamation aupr\u00e8s de la CNIL (3 place de Fontenoy, 75007 PARIS) ou saisir une autorit\u00e9 judiciaire.<\/p>\n\n\n\n<p>Le Client peut \u00eatre invit\u00e9 \u00e0 cocher une case au titre de laquelle il accepte de recevoir des mails \u00e0 caract\u00e8re informatifs et publicitaires de la part du Vendeur. Il aura toujours la possibilit\u00e9 de retirer son accord \u00e0 tout moment en contactant le Vendeur (coordonn\u00e9es ci-dessus) ou en suivant le lien de d\u00e9sabonnement.<\/p>\n\n\n\n<p><strong>9.7 D\u00e9marchage t\u00e9l\u00e9phonique<\/strong><\/p>\n\n\n\n<p>Le Vendeur n\u2019utilisera pas les donn\u00e9es \u00e0 caract\u00e8re personnel du Client \u00e0 des fins de d\u00e9marchage t\u00e9l\u00e9phonique.&nbsp;<\/p>\n\n\n\n<p>Le Client conserve son droit \u00e0 s&rsquo;inscrire sur la liste d&rsquo;opposition au d\u00e9marchage t\u00e9l\u00e9phonique connue sous le nom de Bloctel -&gt; <a href=\"https:\/\/paris-coiffure-very.fr\/?page_id=132\" data-type=\"link\" data-id=\"https:\/\/paris-coiffure-very.fr\/?page_id=132\">Plus d\u2019information<\/a><\/p>\n\n\n\n<p><strong>ARTICLE 10 &#8211; Propri\u00e9t\u00e9 intellectuelle<\/strong><\/p>\n\n\n\n<p>Le contenu du site paris-coiffure-very.fr est la propri\u00e9t\u00e9 du Vendeur et de ses partenaires et est prot\u00e9g\u00e9 par les lois fran\u00e7aises et internationales relatives \u00e0 la propri\u00e9t\u00e9 intellectuelle.<\/p>\n\n\n\n<p>Toute reproduction totale ou partielle de ce contenu est strictement interdite et est susceptible de constituer un d\u00e9lit de contrefa\u00e7on.<\/p>\n\n\n\n<p><strong>ARTICLE 11 &#8211; Droit applicable &#8211; Langue<\/strong><\/p>\n\n\n\n<p>Les pr\u00e9sentes CGV et les op\u00e9rations qui en d\u00e9coulent sont r\u00e9gies et soumises au droit fran\u00e7ais.<\/p>\n\n\n\n<p>Les pr\u00e9sentes CGV sont r\u00e9dig\u00e9es en langue fran\u00e7aise. Dans le cas o\u00f9 elles seraient traduites en une ou plusieurs langues \u00e9trang\u00e8res, seul le texte fran\u00e7ais ferait foi en cas de litige.<\/p>\n\n\n\n<p><strong>ARTICLE 12 &#8211; Litiges<\/strong><\/p>\n\n\n\n<p>Pour toute r\u00e9clamation merci de contacter le service client\u00e8le \u00e0 l\u2019adresse postale ou mail du Vendeur indiqu\u00e9e \u00e0 l\u2019ARTICLE 1 des pr\u00e9sentes CGV.<\/p>\n\n\n\n<p>Le Client est inform\u00e9 qu&rsquo;il peut en tout \u00e9tat de cause recourir \u00e0 une m\u00e9diation conventionnelle, aupr\u00e8s des instances de m\u00e9diation sectorielles existantes ou \u00e0 tout mode alternatif de r\u00e8glement des diff\u00e9rends (conciliation, par exemple) en cas de contestation.&nbsp;<\/p>\n\n\n\n<p>En l\u2019esp\u00e8ce, le m\u00e9diateur d\u00e9sign\u00e9 est<\/p>\n\n\n\n<p>CM2C<\/p>\n\n\n\n<p>49 rue de Ponthieu, 75008 Paris<\/p>\n\n\n\n<p>Tel : 0189470014<\/p>\n\n\n\n<p>E-mail : contact@cm2c.net<\/p>\n\n\n\n<p>Le Client est \u00e9galement inform\u00e9 qu\u2019il peut, \u00e9galement recourir \u00e0 la plateforme de R\u00e8glement en Ligne des Litige (RLL) :https:\/\/webgate.ec.europa.eu\/odr\/main\/index.cfm?event=main.home.show<\/p>\n\n\n\n<p>Tous les litiges auxquels les op\u00e9rations d&rsquo;achat et de vente conclues en application des pr\u00e9sentes CGV et qui n\u2019auraient pas fait l\u2019objet d\u2019un r\u00e8glement amiable entre le vendeur ou par m\u00e9diation, seront soumis aux tribunaux comp\u00e9tents dans les conditions de droit commun.<\/p>\n\n\n\n<p><\/p>\n\n\n\n<p><\/p>\n\n\n\n<p>________________________________________________________________________________________________________________<\/p>\n\n\n\n<p><strong>ANNEXE I<\/strong><\/p>\n\n\n\n<p><strong>Formulaire de r\u00e9tractation<\/strong><\/p>\n\n\n\n<p>Date ______________________<\/p>\n\n\n\n<p>Le pr\u00e9sent formulaire doit \u00eatre compl\u00e9t\u00e9 et renvoy\u00e9 uniquement si le Client souhaite se r\u00e9tracter de la commande pass\u00e9e sur _______________ sauf exclusions ou limites \u00e0 l&rsquo;exercice du droit de r\u00e9tractation suivant les Conditions G\u00e9n\u00e9rales de Vente applicables.<\/p>\n\n\n\n<p>A l&rsquo;attention de _______________, _______________<\/p>\n\n\n\n<p>_______________<\/p>\n\n\n\n<p>Je notifie par la pr\u00e9sente la r\u00e9tractation du contrat portant sur le bien ci-dessous :<\/p>\n\n\n\n<p>&#8211;&nbsp; Commande du (indiquer la date)<\/p>\n\n\n\n<p>&#8211;&nbsp; Num\u00e9ro de la commande : &#8230;&#8230;&#8230;&#8230;&#8230;&#8230;&#8230;&#8230;&#8230;&#8230;&#8230;&#8230;&#8230;&#8230;&#8230;&#8230;&#8230;&#8230;&#8230;..<\/p>\n\n\n\n<p>&#8211;&nbsp; Nom du Client : &#8230;&#8230;&#8230;&#8230;&#8230;&#8230;&#8230;&#8230;&#8230;&#8230;&#8230;&#8230;&#8230;&#8230;&#8230;&#8230;&#8230;&#8230;&#8230;&#8230;&#8230;&#8230;&#8230;&#8230;&#8230;<\/p>\n\n\n\n<p>&#8211;&nbsp; Adresse du Client : &#8230;&#8230;&#8230;&#8230;&#8230;&#8230;&#8230;&#8230;&#8230;&#8230;&#8230;&#8230;&#8230;&#8230;&#8230;&#8230;&#8230;&#8230;&#8230;&#8230;&#8230;&#8230;&#8230;..<\/p>\n\n\n\n<p>Signature du Client (uniquement en cas de notification du pr\u00e9sent formulaire sur papier)<\/p>\n\n\n\n<p>________________________________________________________________________________________________________________<\/p>\n\n\n\n<p><\/p>\n","protected":false},"excerpt":{"rendered":"<p>CONDITIONS GENERALES DE VENTE En vigueur au 01\/01\/2016 ARTICLE 1 &#8211; Champ d&rsquo;application Les pr\u00e9sentes Conditions G\u00e9n\u00e9rales de Vente (dites \u00ab CGV \u00bb) s&rsquo;appliquent, sans restriction ni r\u00e9serve \u00e0 l&rsquo;ensemble des ventes conclues par le Vendeur aupr\u00e8s d&rsquo;acheteurs non professionnels (\u00ab Les Clients ou le Client \u00bb), d\u00e9sirant acqu\u00e9rir les produit (\u00ab Les Produits \u00bb)<a class=\"moretag\" href=\"https:\/\/paris-coiffure-very.fr\/?page_id=93\"><span class=\"screen-reader-text\">En savoir plus surCGV &#8211; Conditions G\u00e9n\u00e9rales de Vente<\/span>[&#8230;]<\/a><\/p>\n","protected":false},"author":1,"featured_media":0,"parent":0,"menu_order":0,"comment_status":"closed","ping_status":"closed","template":"","meta":{"footnotes":""},"class_list":["post-93","page","type-page","status-publish","hentry"],"_links":{"self":[{"href":"https:\/\/paris-coiffure-very.fr\/index.php?rest_route=\/wp\/v2\/pages\/93","targetHints":{"allow":["GET"]}}],"collection":[{"href":"https:\/\/paris-coiffure-very.fr\/index.php?rest_route=\/wp\/v2\/pages"}],"about":[{"href":"https:\/\/paris-coiffure-very.fr\/index.php?rest_route=\/wp\/v2\/types\/page"}],"author":[{"embeddable":true,"href":"https:\/\/paris-coiffure-very.fr\/index.php?rest_route=\/wp\/v2\/users\/1"}],"replies":[{"embeddable":true,"href":"https:\/\/paris-coiffure-very.fr\/index.php?rest_route=%2Fwp%2Fv2%2Fcomments&post=93"}],"version-history":[{"count":9,"href":"https:\/\/paris-coiffure-very.fr\/index.php?rest_route=\/wp\/v2\/pages\/93\/revisions"}],"predecessor-version":[{"id":147,"href":"https:\/\/paris-coiffure-very.fr\/index.php?rest_route=\/wp\/v2\/pages\/93\/revisions\/147"}],"wp:attachment":[{"href":"https:\/\/paris-coiffure-very.fr\/index.php?rest_route=%2Fwp%2Fv2%2Fmedia&parent=93"}],"curies":[{"name":"wp","href":"https:\/\/api.w.org\/{rel}","templated":true}]}}