{"id":2,"date":"2017-10-24T23:39:14","date_gmt":"2017-10-24T21:39:14","guid":{"rendered":"http:\/\/paris-coiffure-very.fr\/?page_id=2"},"modified":"2017-11-05T22:55:53","modified_gmt":"2017-11-05T21:55:53","slug":"page-d-exemple","status":"publish","type":"page","link":"https:\/\/paris-coiffure-very.fr\/","title":{"rendered":"Accueil"},"content":{"rendered":"<header class=\"ico\"><\/header>\n<div class=\"component-presentation\">\u00a0<\/p>\n<header class=\"ico\">\n<h1>LE SALON DE COIFFURE SP\u00c9CIALISTE<br \/>\nDU CHEVEU FIN ET MOU \u00c0 PARIS 17I\u00c8ME<\/h1>\n<\/header>\n<div class=\"component-presentation\">Bienvenue \u00e0 l&rsquo;<b>Atelier de Coiffure Sophie Very\u00a0<\/b>situ\u00e9 dans le 17\u00e8me arrondissement de\u00a0<b>Paris<\/b>.<\/p>\n<p>Sp\u00e9cialistes du\u00a0<b>cheveu\u00a0<\/b><b>fin et mou,<\/b>\u00a0nos professionnels de la\u00a0<b>coiffure<\/b>\u00a0se mettent \u00e0 votre service pour rendre vos\u00a0<b>cheveux<\/b>\u00a0volumineux par l&rsquo;ex\u00e9cution d&rsquo;une\u00a0<b>coupe\u00a0<\/b>adapt\u00e9e \u00e0 votre\u00a0<b>chevelure<\/b>, d&rsquo;un enroulage sp\u00e9cifique ou un d\u00e9collement de\u00a0<b>racines<\/b>.<\/p>\n<p>Tout en respectant vos\u00a0<b>cheveux<\/b>\u00a0et votre style, l&rsquo;<b>Atelier\u00a0<\/b><b>de Coiffure Sophie Very\u00a0<\/b>vous conseillera sur le choix de la\u00a0<b>coupe<\/b>\u00a0ou de la\u00a0<b>couleur\u00a0<\/b>que vous pouvez adopter.<\/p>\n<p>Nous poss\u00e9dons une gamme de\u00a0<b>colorations\u00a0<\/b>qui s&rsquo;adapte aux besoins de votre\u00a0<b>chevelure<\/b>. Nous vous proposons\u00a0<b>m\u00e8ches<\/b>,\u00a0<b>balayages<\/b>,\u00a0<b>colorations<\/b>\u00a0avec ou sans oxydant, flash, patines&#8230;<\/p>\n<p>Nous accueillons les\u00a0<b>femmes<\/b>, les\u00a0<b>hommes<\/b>\u00a0et les\u00a0<b>enfants\u00a0<\/b>au sein de notre\u00a0<b>salon de coiffure<\/b>.<\/p>\n<p>Le mercredi tout est permis. Le forfait\u00a0<b>shampoing<\/b>,\u00a0<b>coupe<\/b>\u00a0et\u00a0<b>brushing<\/b>\u00a0vous est propos\u00e9 \u00e0 32 \u20ac.<\/div>\n<\/div>\n","protected":false},"excerpt":{"rendered":"<p>\u00a0 LE SALON DE COIFFURE SP\u00c9CIALISTE DU CHEVEU FIN ET MOU \u00c0 PARIS 17I\u00c8ME Bienvenue \u00e0 l&rsquo;Atelier de Coiffure Sophie Very\u00a0situ\u00e9 dans le 17\u00e8me arrondissement de\u00a0Paris. Sp\u00e9cialistes du\u00a0cheveu\u00a0fin et mou,\u00a0nos professionnels de la\u00a0coiffure\u00a0se mettent \u00e0 votre service pour rendre vos\u00a0cheveux\u00a0volumineux par l&rsquo;ex\u00e9cution d&rsquo;une\u00a0coupe\u00a0adapt\u00e9e \u00e0 votre\u00a0chevelure, d&rsquo;un enroulage sp\u00e9cifique ou un d\u00e9collement de\u00a0racines. Tout en respectant<a class=\"moretag\" href=\"https:\/\/paris-coiffure-very.fr\/\"><span class=\"screen-reader-text\">En savoir plus surAccueil<\/span>[&#8230;]<\/a><\/p>\n","protected":false},"author":1,"featured_media":0,"parent":0,"menu_order":0,"comment_status":"closed","ping_status":"open","template":"template-frontpage.php","meta":{"footnotes":""},"class_list":["post-2","page","type-page","status-publish","hentry"],"_links":{"self":[{"href":"https:\/\/paris-coiffure-very.fr\/index.php?rest_route=\/wp\/v2\/pages\/2","targetHints":{"allow":["GET"]}}],"collection":[{"href":"https:\/\/paris-coiffure-very.fr\/index.php?rest_route=\/wp\/v2\/pages"}],"about":[{"href":"https:\/\/paris-coiffure-very.fr\/index.php?rest_route=\/wp\/v2\/types\/page"}],"author":[{"embeddable":true,"href":"https:\/\/paris-coiffure-very.fr\/index.php?rest_route=\/wp\/v2\/users\/1"}],"replies":[{"embeddable":true,"href":"https:\/\/paris-coiffure-very.fr\/index.php?rest_route=%2Fwp%2Fv2%2Fcomments&post=2"}],"version-history":[{"count":7,"href":"https:\/\/paris-coiffure-very.fr\/index.php?rest_route=\/wp\/v2\/pages\/2\/revisions"}],"predecessor-version":[{"id":54,"href":"https:\/\/paris-coiffure-very.fr\/index.php?rest_route=\/wp\/v2\/pages\/2\/revisions\/54"}],"wp:attachment":[{"href":"https:\/\/paris-coiffure-very.fr\/index.php?rest_route=%2Fwp%2Fv2%2Fmedia&parent=2"}],"curies":[{"name":"wp","href":"https:\/\/api.w.org\/{rel}","templated":true}]}}