{"id":11,"date":"2017-10-29T22:19:42","date_gmt":"2017-10-29T21:19:42","guid":{"rendered":"http:\/\/paris-coiffure-very.fr\/?page_id=11"},"modified":"2025-01-13T13:18:13","modified_gmt":"2025-01-13T12:18:13","slug":"coiffure","status":"publish","type":"page","link":"https:\/\/paris-coiffure-very.fr\/?page_id=11","title":{"rendered":"Coiffure"},"content":{"rendered":"<article>\n<div class=\"contentActivity\">\n<div>\n<p><b>L&rsquo;Atelier de Coiffure Sophie Very\u00a0<\/b>vous accueille dans le\u00a0<b>17\u00e8me arrondissement de Paris<\/b>\u00a0et vous propose une gamme de colorations, des coupes, de la\u00a0<b>couleur,<\/b>\u00a0m\u00e8ches, balayages, des mises en plis&#8230;<\/p>\n<p>Le\u00a0<b>salon de coiffure\u00a0<\/b>vous propose \u00e9galement des\u00a0<b>tresses\u00a0<\/b>ou des\u00a0<b>chignons<\/b>, un lissage br\u00e9silien, des coiffures de styles pour cheveux fins ou color\u00e9s&#8230;<\/p>\n<p>Pour plus de renseignements, ou pour prendre rendez-vous contactez l&rsquo;Atelier de Coiffure Sophie Very dans le 17\u00e8me arrondissement de Paris<b>. \u00a0\u00a0\u00a0\u00a0\u00a0\u00a0\u00a0\u00a0\u00a0\u00a0\u00a0\u00a0\u00a0\u00a0\u00a0\u00a0\u00a0\u00a0\u00a0\u00a0\u00a0\u00a0\u00a0<\/b><\/p>\n<\/div>\n<\/div>\n<figure class=\"left\"><img loading=\"lazy\" decoding=\"async\" class=\"left paysage\" title=\"Coiffeurs - Atelier de Coiffure Sophie Very\" src=\"http:\/\/static1.seety.pagesjaunes.fr\/dam_55039706\/a7d80ec6-3099-4b31-a0a6-23c98732095f-1200\" alt=\"Coiffeurs - Atelier de Coiffure Sophie Very\" width=\"261\" height=\"139\" \/><\/figure>\n<h2>Salon de coiffure<\/h2>\n<ul class=\"\">\n<li><q>Brushing<\/q><\/li>\n<li><q>Balayage<\/q><\/li>\n<li><q>Mise en plis<\/q><\/li>\n<li><q>Chignons<\/q><\/li>\n<li><q>Tresses<\/q><\/li>\n<li><q>Mini vague<\/q><\/li>\n<\/ul>\n<h2>Coiffure stylisme<\/h2>\n<ul class=\"\">\n<li><q>Sur cheveux fins<\/q><\/li>\n<li><q>Sur cheveux color\u00e9s<\/q><\/li>\n<li><q>Sur cheveux \u00e9pais<\/q><\/li>\n<li><q>Sur cheveux permanent\u00e9s<\/q><\/li>\n<li><q>A la cire<\/q><\/li>\n<li><q>Au gel<\/q><\/li>\n<\/ul>\n<h2>Structure coupe<\/h2>\n<ul class=\"\">\n<li><q>Aux ciseaux<\/q><\/li>\n<li><q>Longue tenue<\/q><\/li>\n<li><q>Carr\u00e9<\/q><\/li>\n<li><q>Avec franges<\/q><\/li>\n<li><q>Avec d\u00e9grad\u00e9s<\/q><\/li>\n<li><q>Travail sur les longueurs<\/q><\/li>\n<\/ul>\n<h2>Coloration<\/h2>\n<ul class=\"\">\n<li><q>Sans ammoniaque<\/q><\/li>\n<li><q>D\u00e9coloration<\/q><\/li>\n<\/ul>\n<h2>Conseil<\/h2>\n<ul class=\"\">\n<li><q>Diagnostic couleur<\/q><\/li>\n<li><q>Diagnostic cheveux<\/q><\/li>\n<\/ul>\n<h2>Formules et forfaits<\/h2>\n<ul class=\"\">\n<li><q>Mari\u00e9e<\/q><\/li>\n<\/ul>\n<h2>Autres prestations<\/h2>\n<ul class=\"\">\n<li><q>Vente de produits de soins des cheveux<\/q><\/li>\n<\/ul>\n<h2>Clients<\/h2>\n<ul class=\"\">\n<li><q>Particuliers<\/q><\/li>\n<li><q>Homme<\/q><\/li>\n<li><q>Femme<\/q><\/li>\n<li><q>Enfant<\/q><\/li>\n<\/ul>\n<\/article>\n<article>\n<header class=\"ico\">\n<h1>SERVICES+<\/h1>\n<\/header>\n<figure class=\"left\"><img loading=\"lazy\" decoding=\"async\" class=\"left paysage\" title=\"Coiffeurs - M\u00e8ches - Atelier Sophie Very Paris 17\" src=\"http:\/\/static3.seety.pagesjaunes.fr\/dam_55039706\/f81a9bfd-c728-4a63-ac0c-1403ad350903-1200\" alt=\"Coiffeurs - M\u00e8ches - Atelier Sophie Very Paris 17\" width=\"261\" height=\"139\" \/><\/figure>\n<h2>Engagements<\/h2>\n<ul class=\"\">\n<li><q>Respect des normes sanitaires<\/q><\/li>\n<li><q>Forfait le mercredi shampoing coupe brushing<\/q><\/li>\n<li><q>Hygi\u00e8ne et s\u00e9curit\u00e9<\/q><\/li>\n<li><q>Accueil chaleureux<\/q><\/li>\n<li><q>Sens de l&rsquo;\u00e9coute<\/q><\/li>\n<li><q>Convivialit\u00e9 et relationnel<\/q><\/li>\n<li><q>Savoir-faire professionnel<\/q><\/li>\n<\/ul>\n<\/article>\n<article>\n<header class=\"ico\">\n<h1>MARQUES<\/h1>\n<\/header>\n<figure class=\"left\"><img loading=\"lazy\" decoding=\"async\" class=\"left paysage\" title=\"Sp\u00e9cialiste du cheveu fin et mou - Coiffeur Paris 17\" src=\"http:\/\/static2.seety.pagesjaunes.fr\/dam_55039706\/5d687e63-5788-4a76-a844-0ef32ad7d477-1200\" alt=\"Sp\u00e9cialiste du cheveu fin et mou - Coiffeur Paris 17\" width=\"261\" height=\"139\" \/><\/figure>\n<ul class=\"\">\n<li><q><a href=\"http:\/\/www.loreal.fr\" target=\"_blank\" rel=\"noopener\">L&rsquo;Or\u00e9al<\/a> (Distributeur)<\/q><\/li>\n<li><q><a href=\"http:\/\/www.kerastase.fr\" target=\"_blank\" rel=\"noopener\">K\u00e9rastase<\/a> (Distributeur)<\/q><\/li>\n<li><q><a href=\"http:\/\/www.hair30.com\/\" target=\"_blank\" rel=\"noopener\">Hair 30<\/a> (Distributeur)<\/q><\/li>\n<li><q>Twenty Five (Distributeur)<\/q><\/li>\n<li><q><a href=\"http:\/\/www.lorealprofessionnel.fr\/coloration\/inoa\" target=\"_blank\" rel=\"noopener\">Inoa<\/a> (Distributeur)<\/q><\/li>\n<\/ul>\n<\/article>\n<article>\n<header class=\"ico\">\n<h1>LANGUE PARL\u00c9E<\/h1>\n<\/header>\n<ul class=\"\">\n<li><q>Anglais<\/q><\/li>\n<\/ul>\n<\/article>\n<article>\n<header class=\"ico\">\n<h1>MOYENS DE PAIEMENT<\/h1>\n<\/header>\n<ul class=\"\">\n<li><q>Carte Bleue<\/q><\/li>\n<li><q>Esp\u00e8ces<\/q><\/li>\n<\/ul>\n<\/article>\n","protected":false},"excerpt":{"rendered":"<p>L&rsquo;Atelier de Coiffure Sophie Very\u00a0vous accueille dans le\u00a017\u00e8me arrondissement de Paris\u00a0et vous propose une gamme de colorations, des coupes, de la\u00a0couleur,\u00a0m\u00e8ches, balayages, des mises en plis&#8230; Le\u00a0salon de coiffure\u00a0vous propose \u00e9galement des\u00a0tresses\u00a0ou des\u00a0chignons, un lissage br\u00e9silien, des coiffures de styles pour cheveux fins ou color\u00e9s&#8230; Pour plus de renseignements, ou pour prendre rendez-vous contactez l&rsquo;Atelier<a class=\"moretag\" href=\"https:\/\/paris-coiffure-very.fr\/?page_id=11\"><span class=\"screen-reader-text\">En savoir plus surCoiffure<\/span>[&#8230;]<\/a><\/p>\n","protected":false},"author":1,"featured_media":0,"parent":0,"menu_order":0,"comment_status":"closed","ping_status":"closed","template":"","meta":{"footnotes":""},"class_list":["post-11","page","type-page","status-publish","hentry"],"_links":{"self":[{"href":"https:\/\/paris-coiffure-very.fr\/index.php?rest_route=\/wp\/v2\/pages\/11","targetHints":{"allow":["GET"]}}],"collection":[{"href":"https:\/\/paris-coiffure-very.fr\/index.php?rest_route=\/wp\/v2\/pages"}],"about":[{"href":"https:\/\/paris-coiffure-very.fr\/index.php?rest_route=\/wp\/v2\/types\/page"}],"author":[{"embeddable":true,"href":"https:\/\/paris-coiffure-very.fr\/index.php?rest_route=\/wp\/v2\/users\/1"}],"replies":[{"embeddable":true,"href":"https:\/\/paris-coiffure-very.fr\/index.php?rest_route=%2Fwp%2Fv2%2Fcomments&post=11"}],"version-history":[{"count":6,"href":"https:\/\/paris-coiffure-very.fr\/index.php?rest_route=\/wp\/v2\/pages\/11\/revisions"}],"predecessor-version":[{"id":141,"href":"https:\/\/paris-coiffure-very.fr\/index.php?rest_route=\/wp\/v2\/pages\/11\/revisions\/141"}],"wp:attachment":[{"href":"https:\/\/paris-coiffure-very.fr\/index.php?rest_route=%2Fwp%2Fv2%2Fmedia&parent=11"}],"curies":[{"name":"wp","href":"https:\/\/api.w.org\/{rel}","templated":true}]}}